{"id":2417,"date":"2023-06-02T12:00:51","date_gmt":"2023-06-02T12:00:51","guid":{"rendered":"https:\/\/kahlo.qodeinteractive.com\/?page_id=2417"},"modified":"2025-01-07T07:26:49","modified_gmt":"2025-01-07T07:26:49","slug":"iletisim","status":"publish","type":"page","link":"https:\/\/meshruistanbul.com\/en\/iletisim\/","title":{"rendered":"contact us"},"content":{"rendered":"<div data-elementor-type=\"wp-page\" data-elementor-id=\"2417\" class=\"elementor elementor-2417\">\n\t\t\t\t<div class=\"elementor-element elementor-element-10d5669 e-con-full e-flex e-con e-parent\" data-id=\"10d5669\" data-element_type=\"container\">\n\t\t\t\t<div class=\"elementor-element elementor-element-21aa88f elementor-widget__width-initial elementor-widget-tablet__width-inherit elementor-widget elementor-widget-kahlo_core_section_title\" data-id=\"21aa88f\" data-element_type=\"widget\" data-widget_type=\"kahlo_core_section_title.default\">\n\t\t\t\t<div class=\"elementor-widget-container\">\n\t\t\t<div class=\"qodef-shortcode qodef-m  qodef-section-title qodef-alignment--center\">\n\t\t<h1 class=\"qodef-m-title\" >\n\t\t\t\t\tcontact us\t\t\t<\/h1>\n\t    \n<\/div>\n\t\t<\/div>\n\t\t\t\t<\/div>\n\t\t\t\t<\/div>\n\t\t<div class=\"elementor-element elementor-element-e85cfa6 e-con-full e-flex e-con e-parent\" data-id=\"e85cfa6\" data-element_type=\"container\">\n\t\t<div class=\"elementor-element elementor-element-5d8ad07 e-con-full e-flex e-con e-child\" data-id=\"5d8ad07\" data-element_type=\"container\" data-settings=\"{&quot;background_background&quot;:&quot;classic&quot;}\">\n\t\t\t\t<div class=\"elementor-element elementor-element-8469cb2 elementor-widget__width-initial elementor-widget elementor-widget-kahlo_core_section_title\" data-id=\"8469cb2\" data-element_type=\"widget\" data-widget_type=\"kahlo_core_section_title.default\">\n\t\t\t\t<div class=\"elementor-widget-container\">\n\t\t\t<div class=\"qodef-shortcode qodef-m  qodef-section-title qodef-alignment--left\">\n\t\t<h2 class=\"qodef-m-title\" >\n\t\t\t\t\tcontact form\t\t\t<\/h2>\n\t    \n<\/div>\n\t\t<\/div>\n\t\t\t\t<\/div>\n\t\t\t\t<div class=\"elementor-element elementor-element-ce75d97 elementor-widget elementor-widget-spacer\" data-id=\"ce75d97\" data-element_type=\"widget\" data-widget_type=\"spacer.default\">\n\t\t\t\t<div class=\"elementor-widget-container\">\n\t\t\t\t\t<div class=\"elementor-spacer\">\n\t\t\t<div class=\"elementor-spacer-inner\"><\/div>\n\t\t<\/div>\n\t\t\t\t<\/div>\n\t\t\t\t<\/div>\n\t\t\t\t<div class=\"elementor-element elementor-element-f87f9f9 elementor-widget elementor-widget-wp-widget-kahlo_core_contact_form_7\" data-id=\"f87f9f9\" data-element_type=\"widget\" data-widget_type=\"wp-widget-kahlo_core_contact_form_7.default\">\n\t\t\t\t<div class=\"elementor-widget-container\">\n\t\t\t\t\t\t<div class=\"qodef-contact-form-7\">\n\t\t\t\t\n<div class=\"wpcf7 no-js\" id=\"wpcf7-f3656-o1\" lang=\"en-US\" dir=\"ltr\">\n<div class=\"screen-reader-response\"><p role=\"status\" aria-live=\"polite\" aria-atomic=\"true\"><\/p> <ul><\/ul><\/div>\n<form action=\"\/wp-json\/wp\/v2\/pages\/2417\" method=\"post\" class=\"wpcf7-form init\" aria-label=\"Contact form\" novalidate=\"novalidate\" data-status=\"init\" data-trp-original-action=\"\/en\/wp-json\/wp\/v2\/pages\/2417#wpcf7-f3656-o1\">\n<div style=\"display: none;\">\n<input type=\"hidden\" name=\"_wpcf7\" value=\"3656\" \/>\n<input type=\"hidden\" name=\"_wpcf7_version\" value=\"5.9.8\" \/>\n<input type=\"hidden\" name=\"_wpcf7_locale\" value=\"en_US\" \/>\n<input type=\"hidden\" name=\"_wpcf7_unit_tag\" value=\"wpcf7-f3656-o1\" \/>\n<input type=\"hidden\" name=\"_wpcf7_container_post\" value=\"0\" \/>\n<input type=\"hidden\" name=\"_wpcf7_posted_data_hash\" value=\"\" \/>\n<input type=\"hidden\" name=\"_wpcf7_recaptcha_response\" value=\"\" \/>\n<\/div>\n<div class=\"qodef-main-contact-form\">\n\n<div class=\"qodef-contact-form-data\">\n\n<div class=\"qodef-contact-form-name\"><span class=\"wpcf7-form-control-wrap\" data-name=\"first-name\"><input size=\"40\" maxlength=\"400\" class=\"wpcf7-form-control wpcf7-text wpcf7-validates-as-required\" aria-required=\"true\" aria-invalid=\"false\" placeholder=\"Name - Surname\" value=\"\" type=\"text\" name=\"first-name\" \/><\/span><\/div>\n\n<div class=\"qodef-contact-email\"><span class=\"wpcf7-form-control-wrap\" data-name=\"your-email\"><input size=\"40\" maxlength=\"400\" class=\"wpcf7-form-control wpcf7-email wpcf7-validates-as-required wpcf7-text wpcf7-validates-as-email\" aria-required=\"true\" aria-invalid=\"false\" placeholder=\"Email Address\" value=\"\" type=\"email\" name=\"your-email\" \/><\/span><\/div>\n\n<\/div>\n\n<span class=\"wpcf7-form-control-wrap\" data-name=\"your-message\"><textarea cols=\"40\" rows=\"6\" maxlength=\"2000\" class=\"wpcf7-form-control wpcf7-textarea\" aria-invalid=\"false\" placeholder=\"Your message\" name=\"your-message\"><\/textarea><\/span>\n\n<div style=\"margin-top:20px;margin-left:-20px;> <span class=\"wpcf7-form-control-wrap\" data-name=\"acceptance-313\"><span class=\"wpcf7-form-control wpcf7-acceptance optional\"><span class=\"wpcf7-list-item\"><label><input type=\"checkbox\" name=\"acceptance-313\" value=\"1\" aria-invalid=\"false\" \/><span class=\"wpcf7-list-item-label\"><a href=\"https:\/\/meshruistanbul.com\/en\/gizlilik-politikasi\/\" target=\"_blank\" style=\"text-decoration:underline;\">Privacy Policy<\/a>I have read and approve<\/span><\/label><\/span><\/span><\/span><\/div>\n\n<div class=\"qodef-submit\">\n\n<button class=\"wpcf7-form-control wpcf7-submit qodef-button qodef-size--normal qodef-layout--filled qodef-m\" type=\"submit\"><span class=\"qodef-m-text\">Send<\/span><\/button>\n\n<\/div>\n\n<\/div><div class=\"wpcf7-response-output\" aria-hidden=\"true\"><\/div>\n<input type=\"hidden\" name=\"trp-form-language\" value=\"en\"\/><\/form>\n<\/div>\n\t\t\t<\/div>\n\t\t\t\t\t<\/div>\n\t\t\t\t<\/div>\n\t\t\t\t<\/div>\n\t\t<div class=\"elementor-element elementor-element-da8e2ed e-con-full e-flex e-con e-child\" data-id=\"da8e2ed\" data-element_type=\"container\">\n\t\t<div class=\"elementor-element elementor-element-40b8bb7 e-flex e-con-boxed e-con e-child\" data-id=\"40b8bb7\" data-element_type=\"container\" data-settings=\"{&quot;background_background&quot;:&quot;classic&quot;}\">\n\t\t\t\t\t<div class=\"e-con-inner\">\n\t\t\t\t<div class=\"elementor-element elementor-element-cba98f9 elementor-widget elementor-widget-heading\" data-id=\"cba98f9\" data-element_type=\"widget\" data-widget_type=\"heading.default\">\n\t\t\t\t<div class=\"elementor-widget-container\">\n\t\t\t<h4 class=\"elementor-heading-title elementor-size-default\">our contact information<\/h4>\t\t<\/div>\n\t\t\t\t<\/div>\n\t\t\t\t<div class=\"elementor-element elementor-element-4b92534 elementor-widget elementor-widget-text-editor\" data-id=\"4b92534\" data-element_type=\"widget\" data-widget_type=\"text-editor.default\">\n\t\t\t\t<div class=\"elementor-widget-container\">\n\t\t\t\t\t\t\t<p><strong><span style=\"color: #ffffff;\">address<\/span><\/strong><\/p>\t\t\t\t\t\t<\/div>\n\t\t\t\t<\/div>\n\t\t\t\t<div class=\"elementor-element elementor-element-0de1f0c elementor-widget__width-initial qodef-custom-underline elementor-widget elementor-widget-text-editor\" data-id=\"0de1f0c\" data-element_type=\"widget\" data-widget_type=\"text-editor.default\">\n\t\t\t\t<div class=\"elementor-widget-container\">\n\t\t\t\t\t\t\t<p><a class=\"qodef-hover-link\" style=\"color: #fff;\" href=\"https:\/\/maps.app.goo.gl\/wAt1cRRLQpC7tHWe8\" target=\"_blank\" rel=\"noopener\">Asmal\u0131 Mescit, Me\u015frutiyet St. No: 99, 34430 Beyo\u011flu\/\u0130stanbul<\/a><\/p>\t\t\t\t\t\t<\/div>\n\t\t\t\t<\/div>\n\t\t\t\t\t<\/div>\n\t\t\t\t<\/div>\n\t\t<div class=\"elementor-element elementor-element-62f848f e-flex e-con-boxed e-con e-child\" data-id=\"62f848f\" data-element_type=\"container\">\n\t\t\t\t\t<div class=\"e-con-inner\">\n\t\t\t\t<div class=\"elementor-element elementor-element-a3d7074 elementor-widget__width-initial elementor-widget elementor-widget-kahlo_core_section_title\" data-id=\"a3d7074\" data-element_type=\"widget\" data-widget_type=\"kahlo_core_section_title.default\">\n\t\t\t\t<div class=\"elementor-widget-container\">\n\t\t\t<div class=\"qodef-shortcode qodef-m  qodef-section-title qodef-alignment--left\">\n\t\t<h2 class=\"qodef-m-title\" >\n\t\t\t\t\tfollow us\t\t\t<\/h2>\n\t    \n<\/div>\n\t\t<\/div>\n\t\t\t\t<\/div>\n\t\t\t\t<div class=\"elementor-element elementor-element-4e3c785 elementor-widget__width-inherit elementor-widget elementor-widget-kahlo_core_section_title\" data-id=\"4e3c785\" data-element_type=\"widget\" data-widget_type=\"kahlo_core_section_title.default\">\n\t\t\t\t<div class=\"elementor-widget-container\">\n\t\t\t<div class=\"qodef-shortcode qodef-m  qodef-section-title qodef-alignment--left\">\n\t\t\t<p class=\"qodef-m-text\" style=\"margin-top: 15px\">Join us on social media and stay up to date with the latest news, special offers and content! <\/p>\n    \n<\/div>\n\t\t<\/div>\n\t\t\t\t<\/div>\n\t\t<div class=\"elementor-element elementor-element-6143aec e-con-full e-flex e-con e-child\" data-id=\"6143aec\" data-element_type=\"container\">\n\t\t\t\t<div class=\"elementor-element elementor-element-c1e282a elementor-widget elementor-widget-html\" data-id=\"c1e282a\" data-element_type=\"widget\" data-widget_type=\"html.default\">\n\t\t\t\t<div class=\"elementor-widget-container\">\n\t\t\t<ul class=\"qodef-custom-social-textual-icons\">\r\n\r\n  <li><a href=\"https:\/\/www.instagram.com\/meshruistanbul\/\" target=\"_blank\" rel=\"noopener\">instagram<\/a><\/li>\r\n\r\n\r\n<\/ul>\t\t<\/div>\n\t\t\t\t<\/div>\n\t\t\t\t<\/div>\n\t\t\t\t\t<\/div>\n\t\t\t\t<\/div>\n\t\t\t\t<\/div>\n\t\t\t\t<\/div>\n\t\t<div class=\"elementor-element elementor-element-335cfd2 e-con-full e-flex e-con e-parent\" data-id=\"335cfd2\" data-element_type=\"container\">\n\t\t\t\t<div class=\"elementor-element elementor-element-c032c14 elementor-widget elementor-widget-kahlo_core_google_map\" data-id=\"c032c14\" data-element_type=\"widget\" data-widget_type=\"kahlo_core_google_map.default\">\n\t\t\t\t<div class=\"elementor-widget-container\">\n\t\t\t<div class=\"qodef-shortcode qodef-m  qodef-google-map\">\n\t<div class=\"qodef-m-map\" id=\"qodef-map-id--387\" data-addresses='[\"Asmal\u0131 Mescit, Me\u015frutiyet Cd. No:99, 34430 Beyo\u011flu\/\u0130stanbul\"]' data-pin=\"https:\/\/meshruistanbul.com\/wp-content\/plugins\/kahlo-core\/inc\/maps\/assets\/img\/pin.png\" data-unique-id=\"387\" data-height=\"600\"><\/div>\n<\/div>\n\t\t<\/div>\n\t\t\t\t<\/div>\n\t\t\t\t<\/div>\n\t\t\t\t<\/div>","protected":false},"excerpt":{"rendered":"<p>Contact Contact Form Our Contact Information Address Asmal\u0131 Mescit, Me\u015frutiyet Cd. No:99, 34430 Beyo\u011flu\/\u0130stanbul Follow Us Join us on social media and stay informed about the latest news, special offers and content! Instagram<\/p>","protected":false},"author":1,"featured_media":0,"parent":0,"menu_order":0,"comment_status":"closed","ping_status":"closed","template":"page-full-width.php","meta":{"rank_math_lock_modified_date":false,"footnotes":""},"class_list":["post-2417","page","type-page","status-publish","hentry"],"_links":{"self":[{"href":"https:\/\/meshruistanbul.com\/en\/wp-json\/wp\/v2\/pages\/2417","targetHints":{"allow":["GET"]}}],"collection":[{"href":"https:\/\/meshruistanbul.com\/en\/wp-json\/wp\/v2\/pages"}],"about":[{"href":"https:\/\/meshruistanbul.com\/en\/wp-json\/wp\/v2\/types\/page"}],"author":[{"embeddable":true,"href":"https:\/\/meshruistanbul.com\/en\/wp-json\/wp\/v2\/users\/1"}],"replies":[{"embeddable":true,"href":"https:\/\/meshruistanbul.com\/en\/wp-json\/wp\/v2\/comments?post=2417"}],"version-history":[{"count":74,"href":"https:\/\/meshruistanbul.com\/en\/wp-json\/wp\/v2\/pages\/2417\/revisions"}],"predecessor-version":[{"id":7795,"href":"https:\/\/meshruistanbul.com\/en\/wp-json\/wp\/v2\/pages\/2417\/revisions\/7795"}],"wp:attachment":[{"href":"https:\/\/meshruistanbul.com\/en\/wp-json\/wp\/v2\/media?parent=2417"}],"curies":[{"name":"wp","href":"https:\/\/api.w.org\/{rel}","templated":true}]}}