{"id":6773,"date":"2024-09-18T07:42:14","date_gmt":"2024-09-18T07:42:14","guid":{"rendered":"https:\/\/meshruistanbul.com\/?page_id=6773"},"modified":"2026-03-11T08:23:22","modified_gmt":"2026-03-11T08:23:22","slug":"sergiler","status":"publish","type":"page","link":"https:\/\/meshruistanbul.com\/en\/sergiler\/","title":{"rendered":"exhibitions"},"content":{"rendered":"<div data-elementor-type=\"wp-page\" data-elementor-id=\"6773\" class=\"elementor elementor-6773\">\n\t\t\t\t<div class=\"elementor-element elementor-element-5a0f692 e-con-full e-flex e-con e-parent\" data-id=\"5a0f692\" data-element_type=\"container\">\n\t\t\t\t<div class=\"elementor-element elementor-element-465c374 elementor-widget__width-initial elementor-widget-tablet__width-inherit elementor-widget elementor-widget-kahlo_core_section_title\" data-id=\"465c374\" data-element_type=\"widget\" data-widget_type=\"kahlo_core_section_title.default\">\n\t\t\t\t<div class=\"elementor-widget-container\">\n\t\t\t<div class=\"qodef-shortcode qodef-m  qodef-section-title qodef-alignment--center\">\n\t\t<h1 class=\"qodef-m-title\" >\n\t\t\t\t\texhibitions\t\t\t<\/h1>\n\t    \n<\/div>\n\t\t<\/div>\n\t\t\t\t<\/div>\n\t\t\t\t<\/div>\n\t\t<div class=\"elementor-element elementor-element-a8a12f8 e-flex e-con-boxed e-con e-parent\" data-id=\"a8a12f8\" data-element_type=\"container\">\n\t\t\t\t\t<div class=\"e-con-inner\">\n\t\t\t\t<div class=\"elementor-element elementor-element-e63218b elementor-widget elementor-widget-kahlo_core_events_list\" data-id=\"e63218b\" data-element_type=\"widget\" data-widget_type=\"kahlo_core_events_list.default\">\n\t\t\t\t<div class=\"elementor-widget-container\">\n\t\t\t<div class=\"qodef-shortcode qodef-m  qodef-events-list qodef-item-layout--info-below qodef-grid qodef-layout--masonry  qodef-gutter--medium  qodef-col-num--3 qodef-item-layout--info-below qodef-pagination--off qodef-responsive--custom qodef-col-num--1512--3 qodef-col-num--1440--3 qodef-col-num--1366--3 qodef-col-num--1024--3 qodef-col-num--768--2 qodef-col-num--680--1 qodef-col-num--480--1\"  data-options=\"{&quot;plugin&quot;:&quot;kahlo_core&quot;,&quot;module&quot;:&quot;post-types\\\/events\\\/shortcodes&quot;,&quot;shortcode&quot;:&quot;events-list&quot;,&quot;post_type&quot;:&quot;event-item&quot;,&quot;next_page&quot;:&quot;2&quot;,&quot;max_pages_num&quot;:1,&quot;behavior&quot;:&quot;masonry&quot;,&quot;columns&quot;:&quot;3&quot;,&quot;columns_responsive&quot;:&quot;custom&quot;,&quot;columns_1512&quot;:&quot;3&quot;,&quot;columns_1440&quot;:&quot;3&quot;,&quot;columns_1366&quot;:&quot;3&quot;,&quot;columns_1024&quot;:&quot;3&quot;,&quot;columns_768&quot;:&quot;2&quot;,&quot;columns_680&quot;:&quot;1&quot;,&quot;columns_480&quot;:&quot;1&quot;,&quot;space&quot;:&quot;medium&quot;,&quot;indent_slider&quot;:&quot;no&quot;,&quot;posts_per_page&quot;:&quot;6&quot;,&quot;orderby&quot;:&quot;date&quot;,&quot;order&quot;:&quot;DESC&quot;,&quot;additional_params&quot;:&quot;tax&quot;,&quot;tax&quot;:&quot;event-types&quot;,&quot;tax_slug&quot;:&quot;sergiler&quot;,&quot;layout&quot;:&quot;info-below&quot;,&quot;title_tag&quot;:&quot;h4&quot;,&quot;show_location&quot;:&quot;no&quot;,&quot;show_event_types&quot;:&quot;no&quot;,&quot;enable_top_info&quot;:&quot;yes&quot;,&quot;top_info_title_tag&quot;:&quot;h2&quot;,&quot;top_info_more_target&quot;:&quot;_self&quot;,&quot;full_width_filter&quot;:&quot;no&quot;,&quot;pagination_type&quot;:&quot;no-pagination&quot;,&quot;enable_appear&quot;:&quot;no&quot;,&quot;object_class_name&quot;:&quot;KahloCore_Events_List_Shortcode&quot;,&quot;taxonomy_filter&quot;:&quot;event-types&quot;,&quot;additional_query_args&quot;:{&quot;tax_query&quot;:[{&quot;taxonomy&quot;:&quot;event-types&quot;,&quot;field&quot;:&quot;slug&quot;,&quot;terms&quot;:&quot;sergiler&quot;}]},&quot;holder_outer_classes&quot;:&quot;qodef-events-list-outer &quot;,&quot;holder_styles&quot;:[],&quot;top_info_styles&quot;:[],&quot;item_classes&quot;:&quot;qodef-e qodef-grid-item  &quot;,&quot;space_value&quot;:40}\">\n\t\t<div class=\"qodef-m-top-info\" >\n\t\t<div class=\"qodef-title-inner\">\n\t\t\t\t\t<\/div>\n\n\t\t\t<\/div>\n\t<div class=\"qodef-grid-inner\">\n\t\t\t<div class=\"qodef-grid-masonry-sizer\"><\/div>\n<div class=\"qodef-e qodef-grid-item\">\n\t<div class=\"qodef-e-inner\">\n\t\t\t<div class=\"qodef-e-media-image\">\n\t\t<a itemprop=\"url\" href=\"https:\/\/meshruistanbul.com\/en\/event-item\/hizalanma-kosullari-conditions-of-alignment\/\" class=\"qodef-e-event-image-link\">\n\t\t\t<img fetchpriority=\"high\" decoding=\"async\" width=\"2560\" height=\"1434\" src=\"https:\/\/meshruistanbul.com\/wp-content\/uploads\/2026\/03\/meshru-web-01.jpg-scaled.jpeg\" class=\"attachment-full size-full wp-post-image\" alt=\"\" srcset=\"https:\/\/meshruistanbul.com\/wp-content\/uploads\/2026\/03\/meshru-web-01.jpg-scaled.jpeg 2560w, https:\/\/meshruistanbul.com\/wp-content\/uploads\/2026\/03\/meshru-web-01.jpg-300x168.jpeg 300w, https:\/\/meshruistanbul.com\/wp-content\/uploads\/2026\/03\/meshru-web-01.jpg-1024x573.jpeg 1024w, https:\/\/meshruistanbul.com\/wp-content\/uploads\/2026\/03\/meshru-web-01.jpg-768x430.jpeg 768w, https:\/\/meshruistanbul.com\/wp-content\/uploads\/2026\/03\/meshru-web-01.jpg-1536x860.jpeg 1536w, https:\/\/meshruistanbul.com\/wp-content\/uploads\/2026\/03\/meshru-web-01.jpg-2048x1147.jpeg 2048w, https:\/\/meshruistanbul.com\/wp-content\/uploads\/2026\/03\/meshru-web-01.jpg-18x10.jpeg 18w, https:\/\/meshruistanbul.com\/wp-content\/uploads\/2026\/03\/meshru-web-01.jpg-600x336.jpeg 600w\" sizes=\"(max-width: 2560px) 100vw, 2560px\" \/>\t\t<\/a>\n\t<\/div>\n\t\t<div class=\"qodef-e-info\">\n\t\t\t\t<span class=\"qodef-e-date-info\">\n\t\t\t\t<span class=\"qodef-e-date qodef-e-start\">\n\t\t\t14.03.2026\t\t<\/span>\n\t\t\n\t\t\t\t\t<span class=\"qodef-e-date qodef-e-end\">\n\t\t\t17.05.2026\t\t<\/span>\n\t\t\t<\/span>\n\n\t<div class=\"qodef-e-info-item qodef-info--curators\"> \n\t\t<span class=\"qodef-e-info-content\">Hamza K\u0131rba\u015f<\/span>&nbsp;\n\t<\/div>\n\t\t\t\t\t\t\t\t<\/div>\n\t\t<div class=\"qodef-e-heading\">\n\t\t\t<h4 itemprop=\"name\" class=\"qodef-e-title entry-title\" >\n\t<a itemprop=\"url\" class=\"qodef-e-title-link\" href=\"https:\/\/meshruistanbul.com\/en\/event-item\/hizalanma-kosullari-conditions-of-alignment\/\">\n\t\tHizalanma Ko\u015fullar\u0131 \/ Conditions of Alignment\t<\/a>\n<\/h4>\n\t\t<\/div>\n\t\t\t<\/div>\n<\/div>\n<div class=\"qodef-e qodef-grid-item\">\n\t<div class=\"qodef-e-inner\">\n\t\t\t<div class=\"qodef-e-media-image\">\n\t\t<a itemprop=\"url\" href=\"https:\/\/meshruistanbul.com\/en\/event-item\/whose-story-is-this-after-all\/\" class=\"qodef-e-event-image-link\">\n\t\t\t<img decoding=\"async\" width=\"2560\" height=\"1434\" src=\"https:\/\/meshruistanbul.com\/wp-content\/uploads\/2025\/12\/yatay-01-scaled.jpg\" class=\"attachment-full size-full wp-post-image\" alt=\"\" srcset=\"https:\/\/meshruistanbul.com\/wp-content\/uploads\/2025\/12\/yatay-01-scaled.jpg 2560w, https:\/\/meshruistanbul.com\/wp-content\/uploads\/2025\/12\/yatay-01-300x168.jpg 300w, https:\/\/meshruistanbul.com\/wp-content\/uploads\/2025\/12\/yatay-01-1024x573.jpg 1024w, https:\/\/meshruistanbul.com\/wp-content\/uploads\/2025\/12\/yatay-01-768x430.jpg 768w, https:\/\/meshruistanbul.com\/wp-content\/uploads\/2025\/12\/yatay-01-1536x860.jpg 1536w, https:\/\/meshruistanbul.com\/wp-content\/uploads\/2025\/12\/yatay-01-2048x1147.jpg 2048w, https:\/\/meshruistanbul.com\/wp-content\/uploads\/2025\/12\/yatay-01-18x10.jpg 18w, https:\/\/meshruistanbul.com\/wp-content\/uploads\/2025\/12\/yatay-01-600x336.jpg 600w\" sizes=\"(max-width: 2560px) 100vw, 2560px\" \/>\t\t<\/a>\n\t<\/div>\n\t\t<div class=\"qodef-e-info\">\n\t\t\t\t<span class=\"qodef-e-date-info\">\n\t\t\t\t<span class=\"qodef-e-date qodef-e-start\">\n\t\t\t19.11.2025\t\t<\/span>\n\t\t\n\t\t\t\t\t<span class=\"qodef-e-date qodef-e-end\">\n\t\t\t08.02.2026\t\t<\/span>\n\t\t\t<\/span>\n\n\t<div class=\"qodef-e-info-item qodef-info--curators\"> \n\t\t<span class=\"qodef-e-info-content\">Esra G\u00fclmen,Cengiz Tekin<\/span>&nbsp;\n\t<\/div>\n\t\t\t\t\t\t\t\t<\/div>\n\t\t<div class=\"qodef-e-heading\">\n\t\t\t<h4 itemprop=\"name\" class=\"qodef-e-title entry-title\" >\n\t<a itemprop=\"url\" class=\"qodef-e-title-link\" href=\"https:\/\/meshruistanbul.com\/en\/event-item\/whose-story-is-this-after-all\/\">\n\t\tWhose story is this, after all?\t<\/a>\n<\/h4>\n\t\t<\/div>\n\t\t\t<\/div>\n<\/div>\n<div class=\"qodef-e qodef-grid-item\">\n\t<div class=\"qodef-e-inner\">\n\t\t\t<div class=\"qodef-e-media-image\">\n\t\t<a itemprop=\"url\" href=\"https:\/\/meshruistanbul.com\/en\/event-item\/kezbanin-nadire-kabinesi\/\" class=\"qodef-e-event-image-link\">\n\t\t\t<img decoding=\"async\" width=\"1500\" height=\"840\" src=\"https:\/\/meshruistanbul.com\/wp-content\/uploads\/2025\/04\/Adsiz-tasarim-2025-04-24T162618.244.jpg\" class=\"attachment-full size-full wp-post-image\" alt=\"\" srcset=\"https:\/\/meshruistanbul.com\/wp-content\/uploads\/2025\/04\/Adsiz-tasarim-2025-04-24T162618.244.jpg 1500w, https:\/\/meshruistanbul.com\/wp-content\/uploads\/2025\/04\/Adsiz-tasarim-2025-04-24T162618.244-300x168.jpg 300w, https:\/\/meshruistanbul.com\/wp-content\/uploads\/2025\/04\/Adsiz-tasarim-2025-04-24T162618.244-1024x573.jpg 1024w, https:\/\/meshruistanbul.com\/wp-content\/uploads\/2025\/04\/Adsiz-tasarim-2025-04-24T162618.244-768x430.jpg 768w, https:\/\/meshruistanbul.com\/wp-content\/uploads\/2025\/04\/Adsiz-tasarim-2025-04-24T162618.244-18x10.jpg 18w, https:\/\/meshruistanbul.com\/wp-content\/uploads\/2025\/04\/Adsiz-tasarim-2025-04-24T162618.244-600x336.jpg 600w\" sizes=\"(max-width: 1500px) 100vw, 1500px\" \/>\t\t<\/a>\n\t<\/div>\n\t\t<div class=\"qodef-e-info\">\n\t\t\t\t<span class=\"qodef-e-date-info\">\n\t\t\t\t<span class=\"qodef-e-date qodef-e-start\">\n\t\t\t17.04.2025\t\t<\/span>\n\t\t\n\t\t\t\t\t<span class=\"qodef-e-date qodef-e-end\">\n\t\t\t30.09.2025\t\t<\/span>\n\t\t\t<\/span>\n\n\t<div class=\"qodef-e-info-item qodef-info--curators\"> \n\t\t<span class=\"qodef-e-info-content\">Kezban Arca Batibeki<\/span>&nbsp;\n\t<\/div>\n\t\t\t\t\t\t\t\t<\/div>\n\t\t<div class=\"qodef-e-heading\">\n\t\t\t<h4 itemprop=\"name\" class=\"qodef-e-title entry-title\" >\n\t<a itemprop=\"url\" class=\"qodef-e-title-link\" href=\"https:\/\/meshruistanbul.com\/en\/event-item\/kezbanin-nadire-kabinesi\/\">\n\t\tKezban&#039;s Cabinet of Curiosities\t<\/a>\n<\/h4>\n\t\t<\/div>\n\t\t\t<\/div>\n<\/div>\n<div class=\"qodef-e qodef-grid-item\">\n\t<div class=\"qodef-e-inner\">\n\t\t\t<div class=\"qodef-e-media-image\">\n\t\t<a itemprop=\"url\" href=\"https:\/\/meshruistanbul.com\/en\/event-item\/seytanimiz-bol-olsun\/\" class=\"qodef-e-event-image-link\">\n\t\t\t<img loading=\"lazy\" decoding=\"async\" width=\"1500\" height=\"840\" src=\"https:\/\/meshruistanbul.com\/wp-content\/uploads\/2025\/01\/Adsiz-tasarim-2025-01-09T152539.519.jpg\" class=\"attachment-full size-full wp-post-image\" alt=\"\" srcset=\"https:\/\/meshruistanbul.com\/wp-content\/uploads\/2025\/01\/Adsiz-tasarim-2025-01-09T152539.519.jpg 1500w, https:\/\/meshruistanbul.com\/wp-content\/uploads\/2025\/01\/Adsiz-tasarim-2025-01-09T152539.519-300x168.jpg 300w, https:\/\/meshruistanbul.com\/wp-content\/uploads\/2025\/01\/Adsiz-tasarim-2025-01-09T152539.519-1024x573.jpg 1024w, https:\/\/meshruistanbul.com\/wp-content\/uploads\/2025\/01\/Adsiz-tasarim-2025-01-09T152539.519-768x430.jpg 768w, https:\/\/meshruistanbul.com\/wp-content\/uploads\/2025\/01\/Adsiz-tasarim-2025-01-09T152539.519-18x10.jpg 18w, https:\/\/meshruistanbul.com\/wp-content\/uploads\/2025\/01\/Adsiz-tasarim-2025-01-09T152539.519-600x336.jpg 600w\" sizes=\"(max-width: 1500px) 100vw, 1500px\" \/>\t\t<\/a>\n\t<\/div>\n\t\t<div class=\"qodef-e-info\">\n\t\t\t\t<span class=\"qodef-e-date-info\">\n\t\t\t\t<span class=\"qodef-e-date qodef-e-start\">\n\t\t\t10.01.2025\t\t<\/span>\n\t\t\n\t\t\t\t\t<span class=\"qodef-e-date qodef-e-end\">\n\t\t\t16.03.2025\t\t<\/span>\n\t\t\t<\/span>\n\n\t<div class=\"qodef-e-info-item qodef-info--curators\"> \n\t\t<span class=\"qodef-e-info-content\">Gokhan Tufekci<\/span>&nbsp;\n\t<\/div>\n\t\t\t\t\t\t\t\t<\/div>\n\t\t<div class=\"qodef-e-heading\">\n\t\t\t<h4 itemprop=\"name\" class=\"qodef-e-title entry-title\" >\n\t<a itemprop=\"url\" class=\"qodef-e-title-link\" href=\"https:\/\/meshruistanbul.com\/en\/event-item\/seytanimiz-bol-olsun\/\">\n\t\tMay our devil be abundant\t<\/a>\n<\/h4>\n\t\t<\/div>\n\t\t\t<\/div>\n<\/div>\n<div class=\"qodef-e qodef-grid-item\">\n\t<div class=\"qodef-e-inner\">\n\t\t\t<div class=\"qodef-e-media-image\">\n\t\t<a itemprop=\"url\" href=\"https:\/\/meshruistanbul.com\/en\/event-item\/kiyinin-getirdikleri\/\" class=\"qodef-e-event-image-link\">\n\t\t\t<img loading=\"lazy\" decoding=\"async\" width=\"1500\" height=\"840\" src=\"https:\/\/meshruistanbul.com\/wp-content\/uploads\/2023\/05\/bg.jpg\" class=\"attachment-full size-full wp-post-image\" alt=\"\" srcset=\"https:\/\/meshruistanbul.com\/wp-content\/uploads\/2023\/05\/bg.jpg 1500w, https:\/\/meshruistanbul.com\/wp-content\/uploads\/2023\/05\/bg-600x336.jpg 600w, https:\/\/meshruistanbul.com\/wp-content\/uploads\/2023\/05\/bg-300x168.jpg 300w, https:\/\/meshruistanbul.com\/wp-content\/uploads\/2023\/05\/bg-1024x573.jpg 1024w, https:\/\/meshruistanbul.com\/wp-content\/uploads\/2023\/05\/bg-768x430.jpg 768w\" sizes=\"(max-width: 1500px) 100vw, 1500px\" \/>\t\t<\/a>\n\t<\/div>\n\t\t<div class=\"qodef-e-info\">\n\t\t\t\t<span class=\"qodef-e-date-info\">\n\t\t\t\t<span class=\"qodef-e-date qodef-e-start\">\n\t\t\t03.10.2024\t\t<\/span>\n\t\t\n\t\t\t\t\t<span class=\"qodef-e-date qodef-e-end\">\n\t\t\t15.12.2024\t\t<\/span>\n\t\t\t<\/span>\n\n\t<div class=\"qodef-e-info-item qodef-info--curators\"> \n\t\t<span class=\"qodef-e-info-content\">Ahmet Rustem&lt;br&gt;Hakan Asks&lt;br&gt;Cansu Sonmez<\/span>&nbsp;\n\t<\/div>\n\t\t\t\t\t\t\t\t<\/div>\n\t\t<div class=\"qodef-e-heading\">\n\t\t\t<h4 itemprop=\"name\" class=\"qodef-e-title entry-title\" >\n\t<a itemprop=\"url\" class=\"qodef-e-title-link\" href=\"https:\/\/meshruistanbul.com\/en\/event-item\/kiyinin-getirdikleri\/\">\n\t\tk\u0131y\u0131n\u0131n getirdikleri\t<\/a>\n<\/h4>\n\t\t<\/div>\n\t\t\t<\/div>\n<\/div>\n\t<\/div>\n\t<\/div>\n\t\t<\/div>\n\t\t\t\t<\/div>\n\t\t\t\t\t<\/div>\n\t\t\t\t<\/div>\n\t\t\t\t<\/div>","protected":false},"excerpt":{"rendered":"<p>sergiler 14.03.2026 17.05.2026 Hamza K\u0131rba\u015f&nbsp; Hizalanma Ko\u015fullar\u0131 \/ Conditions of Alignment 19.11.2025 08.02.2026 Esra G&uuml;lmen,Cengiz Tekin&nbsp; Whose story is this, after all? 17.04.2025 30.09.2025 Kezban Arca Bat\u0131beki&nbsp; Kezban&rsquo;\u0131n Nadire Kabinesi 10.01.2025 16.03.2025 G&ouml;khan T&uuml;fek&ccedil;i&nbsp; \u015eeytan\u0131m\u0131z Bol Olsun 03.10.2024 15.12.2024 Ahmet R&uuml;stem&lt;br&gt;Hakan Asks&lt;br&gt;Cansu S&ouml;nmez brings the shore<\/p>","protected":false},"author":1,"featured_media":0,"parent":0,"menu_order":0,"comment_status":"closed","ping_status":"closed","template":"","meta":{"rank_math_lock_modified_date":false,"footnotes":""},"class_list":["post-6773","page","type-page","status-publish","hentry"],"_links":{"self":[{"href":"https:\/\/meshruistanbul.com\/en\/wp-json\/wp\/v2\/pages\/6773","targetHints":{"allow":["GET"]}}],"collection":[{"href":"https:\/\/meshruistanbul.com\/en\/wp-json\/wp\/v2\/pages"}],"about":[{"href":"https:\/\/meshruistanbul.com\/en\/wp-json\/wp\/v2\/types\/page"}],"author":[{"embeddable":true,"href":"https:\/\/meshruistanbul.com\/en\/wp-json\/wp\/v2\/users\/1"}],"replies":[{"embeddable":true,"href":"https:\/\/meshruistanbul.com\/en\/wp-json\/wp\/v2\/comments?post=6773"}],"version-history":[{"count":34,"href":"https:\/\/meshruistanbul.com\/en\/wp-json\/wp\/v2\/pages\/6773\/revisions"}],"predecessor-version":[{"id":7894,"href":"https:\/\/meshruistanbul.com\/en\/wp-json\/wp\/v2\/pages\/6773\/revisions\/7894"}],"wp:attachment":[{"href":"https:\/\/meshruistanbul.com\/en\/wp-json\/wp\/v2\/media?parent=6773"}],"curies":[{"name":"wp","href":"https:\/\/api.w.org\/{rel}","templated":true}]}}